{"id":865,"date":"2025-10-09T18:27:48","date_gmt":"2025-10-09T18:27:48","guid":{"rendered":"http:\/\/www.synaosfikirkulubu.org\/?page_id=865"},"modified":"2025-10-09T18:35:18","modified_gmt":"2025-10-09T18:35:18","slug":"vice-president","status":"publish","type":"page","link":"http:\/\/www.synaosfikirkulubu.org\/?page_id=865","title":{"rendered":"VICE PRESIDENT"},"content":{"rendered":"\n<h1 class=\"wp-block-heading\"><strong>Assoc. Prof. Dr. Elif \u00d6zdo\u011flar<\/strong><br><em>Interior Architect | Artist | Academic | Curator<\/em><\/h1>\n\n\n\n<p>Elif \u00d6zdo\u011flar is an interior architect and academic whose work bridges the boundaries between design, art, and education. She completed her bachelor\u2019s degree at Yeditepe University, Faculty of Fine Arts, Department of Interior Architecture; her master\u2019s degree at Hali\u00e7 University, Institute of Science; and her doctoral studies at Mimar Sinan Fine Arts University.<\/p>\n\n\n\n<p>Dr. \u00d6zdo\u011flar has exhibited her works in numerous national and international exhibitions and art events, exploring themes of spatial perception, cultural memory, and contemporary design. Her creative vision is deeply rooted in the dialogue between artistic expression and social context.<\/p>\n\n\n\n<p>She previously served as a research assistant at Mimar Sinan Fine Arts University and as a lecturer at Arel University. Currently, she is an Associate Professor at K\u00fctahya Dumlup\u0131nar University, Faculty of Architecture, where she also serves as Vice Dean and Head of the Department of Interior Architecture. Beyond her academic career, she continues to contribute to the art community as a curator and collaborator in interdisciplinary projects that connect art, design, and society.<\/p>\n\n\n\n<figure class=\"wp-block-image size-large\"><img loading=\"lazy\" decoding=\"async\" width=\"1024\" height=\"1024\" src=\"http:\/\/www.synaosfikirkulubu.org\/wp-content\/uploads\/2025\/10\/ELIF-OZDOGLAR-1024x1024.jpg\" alt=\"\" class=\"wp-image-869\" srcset=\"http:\/\/www.synaosfikirkulubu.org\/wp-content\/uploads\/2025\/10\/ELIF-OZDOGLAR-1024x1024.jpg 1024w, http:\/\/www.synaosfikirkulubu.org\/wp-content\/uploads\/2025\/10\/ELIF-OZDOGLAR-300x300.jpg 300w, http:\/\/www.synaosfikirkulubu.org\/wp-content\/uploads\/2025\/10\/ELIF-OZDOGLAR-150x150.jpg 150w, http:\/\/www.synaosfikirkulubu.org\/wp-content\/uploads\/2025\/10\/ELIF-OZDOGLAR-768x768.jpg 768w, http:\/\/www.synaosfikirkulubu.org\/wp-content\/uploads\/2025\/10\/ELIF-OZDOGLAR-1080x1080.jpg 1080w, http:\/\/www.synaosfikirkulubu.org\/wp-content\/uploads\/2025\/10\/ELIF-OZDOGLAR.jpg 1536w\" sizes=\"auto, (max-width: 1024px) 100vw, 1024px\" \/><\/figure>\n","protected":false},"excerpt":{"rendered":"<p>Assoc. Prof. Dr. Elif \u00d6zdo\u011flarInterior Architect | Artist | Academic | Curator Elif \u00d6zdo\u011flar is an interior architect and academic whose work bridges the boundaries between design, art, and education. She completed her bachelor\u2019s degree at Yeditepe University, Faculty of Fine Arts, Department of Interior Architecture; her master\u2019s degree at Hali\u00e7 University, Institute of Science;&hellip; <br \/> <a class=\"read-more\" href=\"http:\/\/www.synaosfikirkulubu.org\/?page_id=865\">Devam\u0131<\/a><\/p>\n","protected":false},"author":1,"featured_media":869,"parent":0,"menu_order":0,"comment_status":"closed","ping_status":"closed","template":"","meta":{"ngg_post_thumbnail":0,"footnotes":""},"class_list":["post-865","page","type-page","status-publish","has-post-thumbnail","hentry"],"_links":{"self":[{"href":"http:\/\/www.synaosfikirkulubu.org\/index.php?rest_route=\/wp\/v2\/pages\/865","targetHints":{"allow":["GET"]}}],"collection":[{"href":"http:\/\/www.synaosfikirkulubu.org\/index.php?rest_route=\/wp\/v2\/pages"}],"about":[{"href":"http:\/\/www.synaosfikirkulubu.org\/index.php?rest_route=\/wp\/v2\/types\/page"}],"author":[{"embeddable":true,"href":"http:\/\/www.synaosfikirkulubu.org\/index.php?rest_route=\/wp\/v2\/users\/1"}],"replies":[{"embeddable":true,"href":"http:\/\/www.synaosfikirkulubu.org\/index.php?rest_route=%2Fwp%2Fv2%2Fcomments&post=865"}],"version-history":[{"count":2,"href":"http:\/\/www.synaosfikirkulubu.org\/index.php?rest_route=\/wp\/v2\/pages\/865\/revisions"}],"predecessor-version":[{"id":870,"href":"http:\/\/www.synaosfikirkulubu.org\/index.php?rest_route=\/wp\/v2\/pages\/865\/revisions\/870"}],"wp:featuredmedia":[{"embeddable":true,"href":"http:\/\/www.synaosfikirkulubu.org\/index.php?rest_route=\/wp\/v2\/media\/869"}],"wp:attachment":[{"href":"http:\/\/www.synaosfikirkulubu.org\/index.php?rest_route=%2Fwp%2Fv2%2Fmedia&parent=865"}],"curies":[{"name":"wp","href":"https:\/\/api.w.org\/{rel}","templated":true}]}}