{"id":375,"date":"2025-08-20T11:23:38","date_gmt":"2025-08-20T11:23:38","guid":{"rendered":"http:\/\/www.synaosfikirkulubu.org\/?page_id=375"},"modified":"2025-10-09T18:23:45","modified_gmt":"2025-10-09T18:23:45","slug":"chairman","status":"publish","type":"page","link":"http:\/\/www.synaosfikirkulubu.org\/?page_id=375","title":{"rendered":"BOARD OF CHAIRMAN"},"content":{"rendered":"\n<p><strong>C\u00fcneyt K\u00f6\u015fe<\/strong> is a <strong>visionary leader<\/strong> with over <strong>20 years of experience<\/strong> in <strong>EU project management<\/strong>, blending his expertise in <strong>personal development<\/strong> with a <strong>deep commitment to youth empowerment and civic engagement<\/strong>.<\/p>\n\n\n\n<p>As a <strong>personal development expert<\/strong>, he brings <strong>extensive experience<\/strong> in <strong>project management, education, and international cooperation<\/strong>. Known for his <strong>effective communication skills and inspirational leadership<\/strong>, K\u00f6\u015fe has led <strong>numerous initiatives<\/strong> under <strong>Erasmus+ and other European programs<\/strong>.<\/p>\n\n\n\n<p>Beyond his work in <strong>NGOs<\/strong>, he is a <strong>TV producer and columnist<\/strong> for a local channel, where he shares his insights on <strong>culture, society, and education<\/strong>. Fluent in <strong>English and Russian<\/strong>, he continues to <strong>build bridges between cultures<\/strong> and <strong>foster dialogue across communities<\/strong>.<\/p>\n\n\n\n<hr class=\"wp-block-separator has-alpha-channel-opacity\"\/>\n\n\n\n<p><strong>\u0427\u0443\u043d\u0435\u0439\u0442 \u041a\u0451\u0448\u0435<\/strong> \u2014 <strong>\u0432\u0438\u0434\u0435\u043d\u0438\u0435-\u043b\u0438\u0434\u0435\u0440<\/strong> \u0441 <strong>\u0431\u043e\u043b\u0435\u0435 \u0447\u0435\u043c 20-\u043b\u0435\u0442\u043d\u0438\u043c \u043e\u043f\u044b\u0442\u043e\u043c<\/strong> \u0432 <strong>\u0443\u043f\u0440\u0430\u0432\u043b\u0435\u043d\u0438\u0438 \u043f\u0440\u043e\u0435\u043a\u0442\u0430\u043c\u0438 \u0415\u0421<\/strong>, \u0441\u043e\u0447\u0435\u0442\u0430\u044e\u0449\u0438\u0439 \u0441\u0432\u043e\u0439 \u043e\u043f\u044b\u0442 \u0432 \u043e\u0431\u043b\u0430\u0441\u0442\u0438 <strong>\u043b\u0438\u0447\u043d\u043e\u0433\u043e \u0440\u0430\u0437\u0432\u0438\u0442\u0438\u044f<\/strong> \u0441 <strong>\u0433\u043b\u0443\u0431\u043e\u043a\u043e\u0439 \u043f\u0440\u0438\u0432\u0435\u0440\u0436\u0435\u043d\u043d\u043e\u0441\u0442\u044c\u044e \u0443\u043a\u0440\u0435\u043f\u043b\u0435\u043d\u0438\u044e \u043c\u043e\u043b\u043e\u0434\u0451\u0436\u0438 \u0438 \u0433\u0440\u0430\u0436\u0434\u0430\u043d\u0441\u043a\u043e\u043c\u0443 \u0443\u0447\u0430\u0441\u0442\u0438\u044e<\/strong>.<\/p>\n\n\n\n<p>\u041a\u0430\u043a <strong>\u044d\u043a\u0441\u043f\u0435\u0440\u0442 \u0432 \u043e\u0431\u043b\u0430\u0441\u0442\u0438 \u043b\u0438\u0447\u043d\u043e\u0433\u043e \u0440\u0430\u0437\u0432\u0438\u0442\u0438\u044f<\/strong>, \u043e\u043d \u043e\u0431\u043b\u0430\u0434\u0430\u0435\u0442 <strong>\u043e\u0431\u0448\u0438\u0440\u043d\u044b\u043c \u043e\u043f\u044b\u0442\u043e\u043c<\/strong> \u0432 <strong>\u0443\u043f\u0440\u0430\u0432\u043b\u0435\u043d\u0438\u0438 \u043f\u0440\u043e\u0435\u043a\u0442\u0430\u043c\u0438, \u043e\u0431\u0440\u0430\u0437\u043e\u0432\u0430\u043d\u0438\u0438 \u0438 \u043c\u0435\u0436\u0434\u0443\u043d\u0430\u0440\u043e\u0434\u043d\u043e\u043c \u0441\u043e\u0442\u0440\u0443\u0434\u043d\u0438\u0447\u0435\u0441\u0442\u0432\u0435<\/strong>. \u0418\u0437\u0432\u0435\u0441\u0442\u043d\u044b\u0439 \u0441\u0432\u043e\u0438\u043c\u0438 <strong>\u044d\u0444\u0444\u0435\u043a\u0442\u0438\u0432\u043d\u044b\u043c\u0438 \u043d\u0430\u0432\u044b\u043a\u0430\u043c\u0438 \u043e\u0431\u0449\u0435\u043d\u0438\u044f \u0438 \u0432\u0434\u043e\u0445\u043d\u043e\u0432\u043b\u044f\u044e\u0449\u0438\u043c \u043b\u0438\u0434\u0435\u0440\u0441\u0442\u0432\u043e\u043c<\/strong>, \u041a\u0451\u0448\u0435 \u0432\u043e\u0437\u0433\u043b\u0430\u0432\u0438\u043b <strong>\u043c\u043d\u043e\u0436\u0435\u0441\u0442\u0432\u043e \u0438\u043d\u0438\u0446\u0438\u0430\u0442\u0438\u0432<\/strong> \u0432 \u0440\u0430\u043c\u043a\u0430\u0445 <strong>\u043f\u0440\u043e\u0433\u0440\u0430\u043c\u043c Erasmus+ \u0438 \u0434\u0440\u0443\u0433\u0438\u0445 \u0435\u0432\u0440\u043e\u043f\u0435\u0439\u0441\u043a\u0438\u0445 \u043f\u0440\u043e\u0433\u0440\u0430\u043c\u043c<\/strong>.<\/p>\n\n\n\n<p>\u041f\u043e\u043c\u0438\u043c\u043e \u0440\u0430\u0431\u043e\u0442\u044b \u0432 <strong>\u043d\u0435\u043f\u0440\u0430\u0432\u0438\u0442\u0435\u043b\u044c\u0441\u0442\u0432\u0435\u043d\u043d\u044b\u0445 \u043e\u0440\u0433\u0430\u043d\u0438\u0437\u0430\u0446\u0438\u044f\u0445<\/strong>, \u043e\u043d \u044f\u0432\u043b\u044f\u0435\u0442\u0441\u044f <strong>\u043f\u0440\u043e\u0434\u044e\u0441\u0435\u0440\u043e\u043c \u0438 \u043a\u043e\u043b\u043e\u043d\u043a\u043e\u0439<\/strong> \u043d\u0430 \u043c\u0435\u0441\u0442\u043d\u043e\u043c \u0442\u0435\u043b\u0435\u043a\u0430\u043d\u0430\u043b\u0435, \u0433\u0434\u0435 \u0434\u0435\u043b\u0438\u0442\u0441\u044f \u0441\u0432\u043e\u0438\u043c\u0438 \u0432\u0437\u0433\u043b\u044f\u0434\u0430\u043c\u0438 \u043d\u0430 <strong>\u043a\u0443\u043b\u044c\u0442\u0443\u0440\u0443, \u043e\u0431\u0449\u0435\u0441\u0442\u0432\u043e \u0438 \u043e\u0431\u0440\u0430\u0437\u043e\u0432\u0430\u043d\u0438\u0435<\/strong>. \u0421\u0432\u043e\u0431\u043e\u0434\u043d\u043e \u0432\u043b\u0430\u0434\u0435\u044f <strong>\u0430\u043d\u0433\u043b\u0438\u0439\u0441\u043a\u0438\u043c \u0438 \u0440\u0443\u0441\u0441\u043a\u0438\u043c \u044f\u0437\u044b\u043a\u0430\u043c\u0438<\/strong>, \u043e\u043d \u043f\u0440\u043e\u0434\u043e\u043b\u0436\u0430\u0435\u0442 <strong>\u0441\u0442\u0440\u043e\u0438\u0442\u044c \u043c\u043e\u0441\u0442\u044b \u043c\u0435\u0436\u0434\u0443 \u043a\u0443\u043b\u044c\u0442\u0443\u0440\u0430\u043c\u0438<\/strong> \u0438 <strong>\u0441\u043f\u043e\u0441\u043e\u0431\u0441\u0442\u0432\u043e\u0432\u0430\u0442\u044c \u0434\u0438\u0430\u043b\u043e\u0433\u0443 \u043c\u0435\u0436\u0434\u0443 \u0441\u043e\u043e\u0431\u0449\u0435\u0441\u0442\u0432\u0430\u043c\u0438<\/strong>.<\/p>\n\n\n\n<figure class=\"wp-block-image size-full is-style-rounded\"><img loading=\"lazy\" decoding=\"async\" width=\"940\" height=\"788\" src=\"http:\/\/www.synaosfikirkulubu.org\/wp-content\/uploads\/2025\/08\/TOLEua-1.jpg\" alt=\"\" class=\"wp-image-247\" srcset=\"http:\/\/www.synaosfikirkulubu.org\/wp-content\/uploads\/2025\/08\/TOLEua-1.jpg 940w, http:\/\/www.synaosfikirkulubu.org\/wp-content\/uploads\/2025\/08\/TOLEua-1-300x251.jpg 300w, http:\/\/www.synaosfikirkulubu.org\/wp-content\/uploads\/2025\/08\/TOLEua-1-768x644.jpg 768w\" sizes=\"auto, (max-width: 940px) 100vw, 940px\" \/><\/figure>\n","protected":false},"excerpt":{"rendered":"<p>C\u00fcneyt K\u00f6\u015fe is a visionary leader with over 20 years of experience in EU project management, blending his expertise in personal development with a deep commitment to youth empowerment and civic engagement. As a personal development expert, he brings extensive experience in project management, education, and international cooperation. Known for his effective communication skills and&hellip; <br \/> <a class=\"read-more\" href=\"http:\/\/www.synaosfikirkulubu.org\/?page_id=375\">Devam\u0131<\/a><\/p>\n","protected":false},"author":1,"featured_media":247,"parent":0,"menu_order":0,"comment_status":"closed","ping_status":"closed","template":"","meta":{"ngg_post_thumbnail":0,"footnotes":""},"class_list":["post-375","page","type-page","status-publish","has-post-thumbnail","hentry"],"_links":{"self":[{"href":"http:\/\/www.synaosfikirkulubu.org\/index.php?rest_route=\/wp\/v2\/pages\/375","targetHints":{"allow":["GET"]}}],"collection":[{"href":"http:\/\/www.synaosfikirkulubu.org\/index.php?rest_route=\/wp\/v2\/pages"}],"about":[{"href":"http:\/\/www.synaosfikirkulubu.org\/index.php?rest_route=\/wp\/v2\/types\/page"}],"author":[{"embeddable":true,"href":"http:\/\/www.synaosfikirkulubu.org\/index.php?rest_route=\/wp\/v2\/users\/1"}],"replies":[{"embeddable":true,"href":"http:\/\/www.synaosfikirkulubu.org\/index.php?rest_route=%2Fwp%2Fv2%2Fcomments&post=375"}],"version-history":[{"count":5,"href":"http:\/\/www.synaosfikirkulubu.org\/index.php?rest_route=\/wp\/v2\/pages\/375\/revisions"}],"predecessor-version":[{"id":864,"href":"http:\/\/www.synaosfikirkulubu.org\/index.php?rest_route=\/wp\/v2\/pages\/375\/revisions\/864"}],"wp:featuredmedia":[{"embeddable":true,"href":"http:\/\/www.synaosfikirkulubu.org\/index.php?rest_route=\/wp\/v2\/media\/247"}],"wp:attachment":[{"href":"http:\/\/www.synaosfikirkulubu.org\/index.php?rest_route=%2Fwp%2Fv2%2Fmedia&parent=375"}],"curies":[{"name":"wp","href":"https:\/\/api.w.org\/{rel}","templated":true}]}}