{"id":127,"date":"2025-08-18T21:20:47","date_gmt":"2025-08-18T21:20:47","guid":{"rendered":"http:\/\/www.synaosfikirkulubu.org\/?page_id=127"},"modified":"2025-08-22T10:34:16","modified_gmt":"2025-08-22T10:34:16","slug":"home-page","status":"publish","type":"page","link":"http:\/\/www.synaosfikirkulubu.org\/?page_id=127","title":{"rendered":"BRIEFLY US"},"content":{"rendered":"\n<p>Founded in 2006 in K\u00fctahya, the <strong>Synaos Think Tank Association (SFK)<\/strong> brings together knowledge, culture, and civic spirit to shape the future of our city. We foster dialogue, support research, and design projects that promote innovation, volunteering, and active citizenship.<\/p>\n\n\n\n<p>Our vision is simple:<br>\ud83d\udc49 To make volunteering a lifestyle,<br>\ud83d\udc49 To create equal opportunities,<br>\ud83d\udc49 To protect our cultural and natural heritage,<br>\ud83d\udc49 And to turn ideas into real impact for society.<\/p>\n\n\n\n<div class='embed-container'><iframe loading=\"lazy\" title=\"KKENT KONSEY\u0130\" width=\"1440\" height=\"1080\" src=\"https:\/\/www.youtube.com\/embed\/K2-2EdT1338?feature=oembed\" frameborder=\"0\" allow=\"accelerometer; autoplay; clipboard-write; encrypted-media; gyroscope; picture-in-picture; web-share\" referrerpolicy=\"strict-origin-when-cross-origin\" allowfullscreen><\/iframe><\/div>\n\n\n\n<div class='embed-container'><iframe loading=\"lazy\" title=\"See you K \u00c7ini 3\" width=\"1440\" height=\"1080\" src=\"https:\/\/www.youtube.com\/embed\/NX1AuO_oQu0?feature=oembed\" frameborder=\"0\" allow=\"accelerometer; autoplay; clipboard-write; encrypted-media; gyroscope; picture-in-picture; web-share\" referrerpolicy=\"strict-origin-when-cross-origin\" allowfullscreen><\/iframe><\/div>\n\n\n\n<div class='embed-container'><iframe loading=\"lazy\" title=\"TURKISH TEAM\" width=\"1440\" height=\"1080\" src=\"https:\/\/www.youtube.com\/embed\/aeqz7NmrmqU?feature=oembed\" frameborder=\"0\" allow=\"accelerometer; autoplay; clipboard-write; encrypted-media; gyroscope; picture-in-picture; web-share\" referrerpolicy=\"strict-origin-when-cross-origin\" allowfullscreen><\/iframe><\/div>\n\n\n\n<div class='embed-container'><iframe loading=\"lazy\" title=\"Folk Dance Fiesta Begins\" width=\"608\" height=\"1080\" src=\"https:\/\/www.youtube.com\/embed\/tgQI9qop7BM?feature=oembed\" frameborder=\"0\" allow=\"accelerometer; autoplay; clipboard-write; encrypted-media; gyroscope; picture-in-picture; web-share\" referrerpolicy=\"strict-origin-when-cross-origin\" allowfullscreen><\/iframe><\/div>\n\n\n\n\n\n<div class='embed-container'><iframe loading=\"lazy\" title=\"Easthern Project Lab  Training Course\" width=\"1920\" height=\"1080\" src=\"https:\/\/www.youtube.com\/embed\/OG9GzAYhDKQ?feature=oembed\" frameborder=\"0\" allow=\"accelerometer; autoplay; clipboard-write; encrypted-media; gyroscope; picture-in-picture; web-share\" referrerpolicy=\"strict-origin-when-cross-origin\" allowfullscreen><\/iframe><\/div>\n\n\n\n<div class='embed-container'><iframe loading=\"lazy\" title=\"Damat Halay\u0131 at Germiyan Street\" width=\"1920\" height=\"1080\" src=\"https:\/\/www.youtube.com\/embed\/WXafPtiSl1M?feature=oembed\" frameborder=\"0\" allow=\"accelerometer; autoplay; clipboard-write; encrypted-media; gyroscope; picture-in-picture; web-share\" referrerpolicy=\"strict-origin-when-cross-origin\" allowfullscreen><\/iframe><\/div>\n\n\n\n<div class='embed-container'><iframe loading=\"lazy\" title=\"mind mosaic\" width=\"1920\" height=\"1080\" src=\"https:\/\/www.youtube.com\/embed\/kDOOsjnco_I?feature=oembed\" frameborder=\"0\" allow=\"accelerometer; autoplay; clipboard-write; encrypted-media; gyroscope; picture-in-picture; web-share\" referrerpolicy=\"strict-origin-when-cross-origin\" allowfullscreen><\/iframe><\/div>\n\n\n\n<div class='embed-container'><iframe loading=\"lazy\" title=\"DREAM GREEN\" width=\"1920\" height=\"1080\" src=\"https:\/\/www.youtube.com\/embed\/7q8orFr6Yc4?feature=oembed\" frameborder=\"0\" allow=\"accelerometer; autoplay; clipboard-write; encrypted-media; gyroscope; picture-in-picture; web-share\" referrerpolicy=\"strict-origin-when-cross-origin\" allowfullscreen><\/iframe><\/div>\n\n\n\n<div class='embed-container'><iframe loading=\"lazy\" title=\"Dr. Digital Traning Course in Pollland\" width=\"1920\" height=\"1080\" src=\"https:\/\/www.youtube.com\/embed\/CEBQS6Py-nk?feature=oembed\" frameborder=\"0\" allow=\"accelerometer; autoplay; clipboard-write; encrypted-media; gyroscope; picture-in-picture; web-share\" referrerpolicy=\"strict-origin-when-cross-origin\" allowfullscreen><\/iframe><\/div>\n\n\n\n<div class='embed-container'><iframe loading=\"lazy\" title=\"MAKE IT CLICKABLE  WITH YOUTH SENATE SPAIN\" width=\"1440\" height=\"1080\" src=\"https:\/\/www.youtube.com\/embed\/cKm7ltV4_3E?feature=oembed\" frameborder=\"0\" allow=\"accelerometer; autoplay; clipboard-write; encrypted-media; gyroscope; picture-in-picture; web-share\" referrerpolicy=\"strict-origin-when-cross-origin\" allowfullscreen><\/iframe><\/div>\n\n\n\n<div class='embed-container'><iframe loading=\"lazy\" title=\"Let Unbox\" width=\"1920\" height=\"1080\" src=\"https:\/\/www.youtube.com\/embed\/Qzc8DMR1GW4?feature=oembed\" frameborder=\"0\" allow=\"accelerometer; autoplay; clipboard-write; encrypted-media; gyroscope; picture-in-picture; web-share\" referrerpolicy=\"strict-origin-when-cross-origin\" allowfullscreen><\/iframe><\/div>\n\n\n\n<div class='embed-container'><iframe loading=\"lazy\" title=\"bar\u0131\u015f beyazd\u0131r\" width=\"1440\" height=\"1080\" src=\"https:\/\/www.youtube.com\/embed\/FywuZ25X37A?feature=oembed\" frameborder=\"0\" allow=\"accelerometer; autoplay; clipboard-write; encrypted-media; gyroscope; picture-in-picture; web-share\" referrerpolicy=\"strict-origin-when-cross-origin\" allowfullscreen><\/iframe><\/div>\n","protected":false},"excerpt":{"rendered":"<p>Founded in 2006 in K\u00fctahya, the Synaos Think Tank Association (SFK) brings together knowledge, culture, and civic spirit to shape the future of our city. We foster dialogue, support research, and design projects that promote innovation, volunteering, and active citizenship. Our vision is simple:\ud83d\udc49 To make volunteering a lifestyle,\ud83d\udc49 To create equal opportunities,\ud83d\udc49 To protect&hellip; <br \/> <a class=\"read-more\" href=\"http:\/\/www.synaosfikirkulubu.org\/?page_id=127\">Devam\u0131<\/a><\/p>\n","protected":false},"author":1,"featured_media":208,"parent":0,"menu_order":0,"comment_status":"closed","ping_status":"closed","template":"","meta":{"ngg_post_thumbnail":0,"footnotes":""},"class_list":["post-127","page","type-page","status-publish","has-post-thumbnail","hentry"],"_links":{"self":[{"href":"http:\/\/www.synaosfikirkulubu.org\/index.php?rest_route=\/wp\/v2\/pages\/127","targetHints":{"allow":["GET"]}}],"collection":[{"href":"http:\/\/www.synaosfikirkulubu.org\/index.php?rest_route=\/wp\/v2\/pages"}],"about":[{"href":"http:\/\/www.synaosfikirkulubu.org\/index.php?rest_route=\/wp\/v2\/types\/page"}],"author":[{"embeddable":true,"href":"http:\/\/www.synaosfikirkulubu.org\/index.php?rest_route=\/wp\/v2\/users\/1"}],"replies":[{"embeddable":true,"href":"http:\/\/www.synaosfikirkulubu.org\/index.php?rest_route=%2Fwp%2Fv2%2Fcomments&post=127"}],"version-history":[{"count":17,"href":"http:\/\/www.synaosfikirkulubu.org\/index.php?rest_route=\/wp\/v2\/pages\/127\/revisions"}],"predecessor-version":[{"id":788,"href":"http:\/\/www.synaosfikirkulubu.org\/index.php?rest_route=\/wp\/v2\/pages\/127\/revisions\/788"}],"wp:featuredmedia":[{"embeddable":true,"href":"http:\/\/www.synaosfikirkulubu.org\/index.php?rest_route=\/wp\/v2\/media\/208"}],"wp:attachment":[{"href":"http:\/\/www.synaosfikirkulubu.org\/index.php?rest_route=%2Fwp%2Fv2%2Fmedia&parent=127"}],"curies":[{"name":"wp","href":"https:\/\/api.w.org\/{rel}","templated":true}]}}